{"id":4369,"date":"2022-04-06T13:06:23","date_gmt":"2022-04-06T11:06:23","guid":{"rendered":"https:\/\/wp.enmodes.de\/?page_id=4369"},"modified":"2026-01-07T11:34:21","modified_gmt":"2026-01-07T10:34:21","slug":"privacy-policy","status":"publish","type":"page","link":"https:\/\/www.enmodes.de\/de\/privacy-policy\/","title":{"rendered":"Datenschutzerkl\u00e4rung"},"content":{"rendered":"<p>Verantwortlich f\u00fcr die Inhalte im Sinne der Datenschutzgrundverordnung (DSGVO) ist:<\/p>\n\n\n\n<p>enmodes GmbH<br>Gesch\u00e4ftsf\u00fchrer: Dr. Tim Kaufmann<br>Tempelhofer Str. 16<br>52068 Aachen\/Germany<br><br>Email: <a href=\"mailto:info@enmodes.de\">info@enmodes.de<\/a><br>Telefon: +49(0)-241-412-510-71<\/p>\n\n\n\n<p><strong>Ihre personenbezogenen Daten:<\/strong><\/p>\n\n\n\n<p>Sie k\u00f6nnen die folgenden Rechte jederzeit aus\u00fcben. Wenden Sie sich daf\u00fcr an unseren Datenschutzbeauftragten (s.u.).<\/p>\n\n\n\n<ul class=\"wp-block-list\">\n<li>Erfahren, wie wir Ihre personenbezogenen Daten speichern und verarbeiten (Art. 15 DSGVO).<\/li>\n\n\n\n<li>Korrektur von falschen pers\u00f6nlichen Daten (Art. 16 GDPR).<\/li>\n\n\n\n<li>L\u00f6schung Ihrer personenbezogenen Daten (Art. 17 DSGVO).<\/li>\n\n\n\n<li>Beschr\u00e4nkung der Datenverarbeitung, falls wir nicht bereits rechtlich zur L\u00f6schung Ihrer Daten aufgefordert sind (Art. 18 DSGVO).<\/li>\n\n\n\n<li>Widersprechen der Datenverarbeitung durch uns (Art. 21 DSGVO), sowie<\/li>\n\n\n\n<li>der Daten\u00fcbertragung, vorausgesetzt, Sie haben unserer Datenverarbeitung zugestimmt oder einen Vertrag mit uns geschlossen (Art. 20 DSGVO).<\/li>\n<\/ul>\n\n\n\n<p>Die Zustimmung zu obigen Punkten k\u00f6nnen Sie jederzeit durch schriftliche Aufforderung mit Wirkung in die Zukunft widerrufen.<\/p>\n\n\n\n<p>Sie k\u00f6nnen jederzeit Beschwerde bei einer Aufsichtsbeh\u00f6rde einlegen, unabh\u00e4ngig davon, ob es sich um die Beh\u00f6rde Ihres Heimatlandes oder der f\u00fcr uns zust\u00e4ndigen Beh\u00f6rde handelt.<\/p>\n\n\n\n<p class=\"translation-block\">Eine Liste entsprechender Beh\u00f6rden finden Sie unter: <a href=\"https:\/\/www.bfdi.bund.de\/DE\/Service\/Anschriften\/Laender\/Laender-node.html\" target=\"_blank\" rel=\"noreferrer noopener\">https:<\/a>\/\/www.bfdi.bund.de\/DE\/Service\/Anschriften\/Laender\/Laender-node.html.<\/p>\n\n\n\n<p><strong>Cookies<\/strong><\/p>\n\n\n\n<p>Wie viele andere Websites verwenden wir sog. \"Cookies\". Coockies sind kleine Dateien, die auf Ihrem Ger\u00e4t (Laptop, Tablet, Smartphone, etc.) gespeichert werden, wenn Sie Websites besuchen.<\/p>\n\n\n\n<p>Sie k\u00f6nnen sowohl einzelne Cookies als auch das ganze Cookie-Inventar l\u00f6schen. Au\u00dferdem k\u00f6nnen Sie sich unter folgenden Links (abh\u00e4ngig von Ihrem Browser) vorab informieren, wie Cookies gel\u00f6scht oder blockiert werden k\u00f6nnen:<\/p>\n\n\n\n<ul class=\"wp-block-list\">\n<li>Mozilla Firefox: <a href=\"https:\/\/support.mozilla.org\/de\/kb\/cookies-loeschen-daten-von-websites-entfernen\" target=\"_blank\" rel=\"noreferrer noopener\">https:\/\/support.mozilla.org\/de\/kb\/cookies-loeschen-daten-von-websites-entfernen<\/a><\/li>\n\n\n\n<li>Internet Explorer: <a href=\"https:\/\/support.microsoft.com\/de-de\/help\/17442\/windows-internet-explorer-delete-manage-cookies\" target=\"_blank\" rel=\"noreferrer noopener\">https:\/\/support.microsoft.com\/de-de\/help\/17442\/windows-internet-explorer-delete-manage-cookies<\/a><\/li>\n\n\n\n<li>Google Chrome: <a href=\"https:\/\/support.google.com\/accounts\/answer\/61416?hl=de\" target=\"_blank\" rel=\"noreferrer noopener\">https:\/\/support.google.com\/accounts\/answer\/61416?hl=de<\/a><\/li>\n\n\n\n<li>Opera: <a href=\"http:\/\/www.opera.com\/de\/help\" target=\"_blank\" rel=\"noreferrer noopener\">http:\/\/www.opera.com\/de\/help<\/a><\/li>\n\n\n\n<li>Safari: <a href=\"https:\/\/support.apple.com\/kb\/PH17191?locale=de_DE&amp;viewlocale=de_DE\" target=\"_blank\" rel=\"noreferrer noopener\">https:\/\/support.apple.com\/kb\/PH17191?locale=de_DE&amp;viewlocale=de_DE<\/a><\/li>\n<\/ul>\n\n\n\n<p><strong>Speicherdauer und eingesetzte Cookies:<\/strong><\/p>\n\n\n\n<p>Wenn Sie der Nutzung von Cookies durch Ihren Browser zugestimmt haben, k\u00f6nnen die folgenden Cookies bei unseren Websites genutzt werden:<\/p>\n\n\n\n<p><strong>Technisch n\u00f6tige Cookies<\/strong><\/p>\n\n\n\n<p><strong>Ursprung und Zweck der Verwendung:<\/strong><\/p>\n\n\n\n<p>Wir nutzen Cookies, um unsere Website nutzerfreundlicher zu machen. Einige Element unserer Website nutzen daf\u00fcr die M\u00f6glichkeit, Websiten wieder aufzurufen, wenn ein Websitenwechsel r\u00fcckg\u00e4ngig gemacht wird.<\/p>\n\n\n\n<p>Der Zweck dieser technisch n\u00f6tigen Cookies ist es, die Website f\u00fcr Nutzer zu vereinfachen. Einige Funktionen k\u00f6nnten ohne diese Nutzung nicht angeboten werden. F\u00fcr diese Funktionen ist es n\u00f6tig, dass Ihr Browser auch nach einem Websitewechsel noch identifiziert werden kann.<\/p>\n\n\n\n<p>Wir nutzen Cookies f\u00fcr die folgenden Anwendungen:<\/p>\n\n\n\n<p>Anpassung von Spracheinstellungen<\/p>\n\n\n\n<p><strong>Rechtsgrundlage<\/strong><\/p>\n\n\n\n<p>Die Verarbeitung wird in \u00dcbereinstimmung mit Art. 6 \u00a71 DSGVO auf Grundlage unseres Anspruchs auf nutzerfreundliches Design unserer Website ausgef\u00fchrt.<\/p>\n\n\n\n<p><strong>Empf\u00e4nger:<\/strong><\/p>\n\n\n\n<p>Empf\u00e4nger der Daten k\u00f6nnen technische Dienstleister sein, die f\u00fcr den Betrieb und Unterhalt unserer Website erforderlich sind.<\/p>\n\n\n\n<p><strong>Vorgeschriebene oder erforderliche Bestimmungen:<\/strong><\/p>\n\n\n\n<p>Die Bestimmung der vorgenannten personenbezogenen Daten ist weder rechtlich noch vertraglich erforderlich. Nichtsdestotrotz kann die Nutzung und Funktionalit\u00e4t unserer Website ohne diese Daten nicht garantiert werden. \u00dcberdies k\u00f6nnen individuale Services ansonsten ggf. nicht verf\u00fcgbar oder eingeschr\u00e4nkt sein.<\/p>\n\n\n\n<p><strong>Widerspruch<\/strong><\/p>\n\n\n\n<p>Bitte senden Sie Ihren Widerspruch entsprechend Art. 21 DSGVO.<\/p>\n\n\n\n<p><strong>Kontaktformular<\/strong><\/p>\n\n\n\n<p><strong>Ursprung und Zweck der Verwendung:<\/strong><\/p>\n\n\n\n<p>Die Daten, die Sie eingeben, werden zu dem Zweck gespeichert, die individuelle Kommunikation mit Ihnen sicherzustellen. Zu diesem Zweck ist es n\u00f6tig, dass Sie uns eine g\u00fcltige E-Mail Adresse und Ihren Namen \u00fcbermitteln. Dies dient der Zuordnung der Anfrage und der anschlie\u00dfenden Antwort auf selbige. Die Angabe weiterer Daten ist optional.<\/p>\n\n\n\n<p><strong>Rechtsgrundlage:<\/strong><\/p>\n\n\n\n<p>Die Verarbeitung der in das Kontaktformular eingegebenen Daten beruht auf einem berechtigten Interesse (Art. 6 \u00a71 DSGVO).<\/p>\n\n\n\n<p>Mit der Bereitstellung des Kontaktformulars m\u00f6chten wir Ihnen eine einfache Kontaktaufnahme erm\u00f6glichen. Die von Ihnen gemachten Angaben werden zum Zwecke der Bearbeitung der Anfrage sowie f\u00fcr m\u00f6gliche Anschlussfragen gespeichert.<\/p>\n\n\n\n<p>Wenn Sie mit uns Kontakt aufnehmen, um ein Angebot anzufordern, werden die von Ihnen in das Kontaktformular eingegebenen Daten zur Durchf\u00fchrung vorvertraglicher Ma\u00dfnahmen verarbeitet (Art. 6 \u00a71 DSGVO).<\/p>\n\n\n\n<p><strong>Empf\u00e4nger:<\/strong><\/p>\n\n\n\n<p>Empf\u00e4nger der Daten sind ggf. auch Auftragsverarbeiter.<\/p>\n\n\n\n<p><strong>Speicherdauer:<\/strong><\/p>\n\n\n\n<p>Die Daten werden sp\u00e4testens 6 Monate nach Bearbeitung des Antrags gel\u00f6scht.<\/p>\n\n\n\n<p>Sofern ein Vertragsverh\u00e4ltnis zustande kommt, unterliegen wir den gesetzlichen Aufbewahrungsfristen nach dem Handelsgesetzbuch (HGB) und l\u00f6schen Ihre Daten nach Ablauf dieser Fristen.<\/p>\n\n\n\n<p><strong>Vorgeschriebene oder erforderliche Bestimmungen:<\/strong><\/p>\n\n\n\n<p>Die Angabe Ihrer personenbezogenen Daten ist freiwillig. Wir k\u00f6nnen Ihre Anfrage jedoch nur bearbeiten, wenn Sie uns Ihren Namen, Ihre E-Mail-Adresse und den Grund der Anfrage mitteilen.<\/p>\n\n\n\n<p><strong>Nutzung von Google Maps<\/strong><\/p>\n\n\n\n<p class=\"translation-block\">Auf dieser Website nutzen wir das Angebot von Google Maps. Google Maps wird von Google LLC, 1600 Amphitheatre Parkway, Mountain View, CA 94043, USA (im Folgenden \"Google\") betrieben. Dies erm\u00f6glicht es uns, interaktive Karten direkt auf der Website darzustellen und Ihnen die komfortable Nutzung der Kartenfunktion zu erm\u00f6glichen.<br>Weitere Informationen \u00fcber die Datenverarbeitung durch Google finden Sie unter deren Datenschutzerkl\u00e4rung hier: <a href=\"https:\/\/policies.google.com\/privacy\" target=\"_blank\" rel=\"noreferrer noopener\">https:\/\/policies.google.com\/privacy<\/a>. Dort k\u00f6nnen Sie auch Ihre pers\u00f6nlichen Datenschutzeinstellungen im Datenschutzzentrum \u00e4ndern.<\/p>\n\n\n\n<p class=\"translation-block\">Hier finden Sie \u00fcberdies Informationen, wie Sie Ihre eigenen Daten in Bezug auf Google-Produkte verwalten k\u00f6nnen: <a href=\"https:\/\/www.dataliberation.org\/\" target=\"_blank\" rel=\"noreferrer noopener\">https:\/\/www.dataliberation.org<\/a><\/p>\n\n\n\n<p>Durch den Besuch der Website erh\u00e4lt Google die Information, dass Sie die entsprechende Unterseite unserer Website aufgerufen haben. Dies geschieht unabh\u00e4ngig davon, ob Google ein Nutzerkonto bereitstellt, \u00fcber das Sie eingeloggt sind, oder ob kein Nutzerkonto existiert. Wenn Sie bei Google eingeloggt sind, werden Ihre Daten direkt Ihrem Konto zugeordnet.<\/p>\n\n\n\n<p>Wenn Sie die Zuordnung zu Ihrem Profil bei Google nicht w\u00fcnschen, m\u00fcssen Sie sich vor Aktivierung der Schaltfl\u00e4che bei Google ausloggen. Google speichert Ihre Daten als Nutzungsprofile und nutzt sie f\u00fcr Zwecke der Werbung, Marktforschung und\/oder bedarfsgerechten Gestaltung ihrer Websites. Eine solche Auswertung erfolgt insbesondere (auch f\u00fcr nicht eingeloggte Nutzer) zur Erbringung bedarfsgerechter Werbung und um andere Nutzer des sozialen Netzwerks \u00fcber Ihre Aktivit\u00e4ten auf unserer Website zu informieren. Sie haben das Recht, der Erstellung dieser Nutzerprofile zu widersprechen, wobei Sie sich zur Aus\u00fcbung dieses Rechts direkt an Google wenden m\u00fcssen.<\/p>\n\n\n\n<p><strong>Widerruf der Zustimmung:<\/strong><\/p>\n\n\n\n<p>Eine Option f\u00fcr einen Austritt oder eine Sperrung der Daten\u00fcbertragung wird vom Anbieter derzeit nicht angeboten. Wenn Sie das Tracking Ihrer Aktivit\u00e4ten auf unserer Website verhindern wollen, widerrufen Sie bitte Ihre Zustimmung f\u00fcr die entsprechende Cookie-Kategorie oder alle technisch nicht notwendigen Cookies und Daten\u00fcbertragungen im Cookie-Einwilligungstool. In diesem Fall kann es allerdings sein, dass Sie unsere Website nicht oder nur eingeschr\u00e4nkt nutzen k\u00f6nnen.<\/p>\n\n\n\n<p><strong>SSL Verschl\u00fcsselung<\/strong><\/p>\n\n\n\n<p>Um die Sicherheit Ihrer Daten bei der \u00dcbertragung zu sch\u00fctzen, verwenden wir modernste Verschl\u00fcsselungsverfahren (SSL) \u00fcber HTTPS.<\/p>\n\n\n\n<hr class=\"wp-block-separator has-css-opacity\"\/>\n\n\n\n<p><strong>Widerspruchsrecht nach Art. 21 DSGVO<\/strong><\/p>\n\n\n\n<p><strong>Recht auf Widerspruch im Einzelfall<\/strong><\/p>\n\n\n\n<p>Sie haben das Recht, aus Gr\u00fcnden, die sich aus Ihrer besonderen Situation ergeben, jederzeit gegen die Verarbeitung der Sie betreffenden personenbezogenen Daten, die aufgrund von Art. 6 \u00a71 DSGVO (Datenverarbeitung auf der Grundlage einer Interessenabw\u00e4gung) erfolgt; dies gilt auch f\u00fcr ein auf diese Bestimmung gest\u00fctzte Profilierung im Sinne von Art. 4 Nr. 4 DSGVO.<\/p>\n\n\n\n<p>Wenn Sie Widerspruch einlegen, werden wir Ihre personenbezogenen Daten nicht mehr verarbeiten, es sei denn, wir k\u00f6nnen zwingende schutzw\u00fcrdige Gr\u00fcnde f\u00fcr die Verarbeitung nachweisen, die Ihre Interessen, Rechte und Freiheiten \u00fcberwiegen, oder die Verarbeitung dient der Geltendmachung, Aus\u00fcbung oder Verteidigung von Rechtsanspr\u00fcchen.<\/p>\n\n\n\n<p><strong>Empf\u00e4nger des Widerrufs:<\/strong><\/p>\n\n\n\n<p>enmodes GmbH<br>Tempelhofer Str. 16<br>52068 Aachen Germany<\/p>\n\n\n\n<hr class=\"wp-block-separator has-css-opacity\"\/>\n\n\n\n<p><strong>\u00c4nderungen unserer Datenschutzerkl\u00e4rung<\/strong><\/p>\n\n\n\n<p>Wir behalten uns vor, diese Datenschutzerkl\u00e4rung so anzupassen, dass sie stets den aktuellen rechtlichen Anforderungen entspricht oder um \u00c4nderungen unserer Leistungen in der Datenschutzerkl\u00e4rung umzusetzen, z.B. bei der Einf\u00fchrung neuer Dienste. F\u00fcr Ihren n\u00e4chsten Besuch gilt dann die neue Datenschutzerkl\u00e4rung.<\/p>\n\n\n\n<p><strong>Datenschutzbeauftragter<\/strong><\/p>\n\n\n\n<p>Wenn Sie Fragen zum Datenschutz haben, schreiben Sie uns bitte eine E-Mail oder wenden Sie sich direkt an Datenschutzbeauftragten unserer Organisation:<\/p>\n\n\n\n<p>Michael G\u00f6tze (X.CILIO Systemhaus GmbH)<br><a href=\"mailto:datenschutz@xcilio.de\">datenschutz@xcilio.de<\/a><\/p>\n\n\n\n<p><em>The privacy policy was created with the help of activeMind AG, the experts for <\/em><a href=\"https:\/\/www.activemind.de\/datenschutz\/datenschutzbeauftragter\/\" target=\"_blank\" rel=\"noreferrer noopener\"><em>external data protection officers<\/em><\/a><em> (version #2020-09-30).<\/em><\/p>","protected":false},"excerpt":{"rendered":"<p>The responsible party within the meaning of data protection laws, in particular the EU General Data Protection Regulation (DSGVO), is: enmodes GmbHRepresentative: Dr. Tim Kaufmann, CEOTempelhofer Str. 1652068 Aachen\/Germany Email: info@enmodes.dePhone: +49(0)-241-412-510-71 Your data subject rights You can exercise the following rights at any time using the contact details provided [&hellip;]<\/p>\n","protected":false},"author":1,"featured_media":0,"parent":0,"menu_order":0,"comment_status":"closed","ping_status":"closed","template":"page-templates\/template-fullwidth.php","meta":{"footnotes":""},"class_list":["post-4369","page","type-page","status-publish","hentry"],"yoast_head":"<!-- This site is optimized with the Yoast SEO plugin v27.4 - https:\/\/yoast.com\/product\/yoast-seo-wordpress\/ -->\n<title>Privacy Policy - enmodes GmbH<\/title>\n<meta name=\"robots\" content=\"index, follow, max-snippet:-1, max-image-preview:large, max-video-preview:-1\" \/>\n<link rel=\"canonical\" href=\"https:\/\/www.enmodes.de\/de\/privacy-policy\/\" \/>\n<meta property=\"og:locale\" content=\"de_DE\" \/>\n<meta property=\"og:type\" content=\"article\" \/>\n<meta property=\"og:title\" content=\"Privacy Policy - enmodes GmbH\" \/>\n<meta property=\"og:description\" content=\"The responsible party within the meaning of data protection laws, in particular the EU General Data Protection Regulation (DSGVO), is: enmodes GmbHRepresentative: Dr. Tim Kaufmann, CEOTempelhofer Str. 1652068 Aachen\/Germany Email: info@enmodes.dePhone: +49(0)-241-412-510-71 Your data subject rights You can exercise the following rights at any time using the contact details provided [&hellip;]\" \/>\n<meta property=\"og:url\" content=\"https:\/\/www.enmodes.de\/de\/privacy-policy\/\" \/>\n<meta property=\"og:site_name\" content=\"enmodes GmbH\" \/>\n<meta property=\"article:modified_time\" content=\"2026-01-07T10:34:21+00:00\" \/>\n<meta name=\"twitter:card\" content=\"summary_large_image\" \/>\n<meta name=\"twitter:label1\" content=\"Gesch\u00e4tzte Lesezeit\" \/>\n\t<meta name=\"twitter:data1\" content=\"7\u00a0Minuten\" \/>\n<script type=\"application\/ld+json\" class=\"yoast-schema-graph\">{\"@context\":\"https:\\\/\\\/schema.org\",\"@graph\":[{\"@type\":\"WebPage\",\"@id\":\"https:\\\/\\\/www.enmodes.de\\\/privacy-policy\\\/\",\"url\":\"https:\\\/\\\/www.enmodes.de\\\/privacy-policy\\\/\",\"name\":\"Privacy Policy - enmodes GmbH\",\"isPartOf\":{\"@id\":\"https:\\\/\\\/www.enmodes.de\\\/#website\"},\"datePublished\":\"2022-04-06T11:06:23+00:00\",\"dateModified\":\"2026-01-07T10:34:21+00:00\",\"breadcrumb\":{\"@id\":\"https:\\\/\\\/www.enmodes.de\\\/privacy-policy\\\/#breadcrumb\"},\"inLanguage\":\"de\",\"potentialAction\":[{\"@type\":\"ReadAction\",\"target\":[\"https:\\\/\\\/www.enmodes.de\\\/privacy-policy\\\/\"]}]},{\"@type\":\"BreadcrumbList\",\"@id\":\"https:\\\/\\\/www.enmodes.de\\\/privacy-policy\\\/#breadcrumb\",\"itemListElement\":[{\"@type\":\"ListItem\",\"position\":1,\"name\":\"Home\",\"item\":\"https:\\\/\\\/www.enmodes.de\\\/\"},{\"@type\":\"ListItem\",\"position\":2,\"name\":\"Privacy Policy\"}]},{\"@type\":\"WebSite\",\"@id\":\"https:\\\/\\\/www.enmodes.de\\\/#website\",\"url\":\"https:\\\/\\\/www.enmodes.de\\\/\",\"name\":\"enmodes GmbH\",\"description\":\"engineering, modeling, design\",\"publisher\":{\"@id\":\"https:\\\/\\\/www.enmodes.de\\\/#organization\"},\"potentialAction\":[{\"@type\":\"SearchAction\",\"target\":{\"@type\":\"EntryPoint\",\"urlTemplate\":\"https:\\\/\\\/www.enmodes.de\\\/?s={search_term_string}\"},\"query-input\":{\"@type\":\"PropertyValueSpecification\",\"valueRequired\":true,\"valueName\":\"search_term_string\"}}],\"inLanguage\":\"de\"},{\"@type\":\"Organization\",\"@id\":\"https:\\\/\\\/www.enmodes.de\\\/#organization\",\"name\":\"enmodes GmbH\",\"url\":\"https:\\\/\\\/www.enmodes.de\\\/\",\"logo\":{\"@type\":\"ImageObject\",\"inLanguage\":\"de\",\"@id\":\"https:\\\/\\\/www.enmodes.de\\\/#\\\/schema\\\/logo\\\/image\\\/\",\"url\":\"https:\\\/\\\/www.enmodes.de\\\/wp-content\\\/uploads\\\/2022\\\/04\\\/cropped-logo_v6.png\",\"contentUrl\":\"https:\\\/\\\/www.enmodes.de\\\/wp-content\\\/uploads\\\/2022\\\/04\\\/cropped-logo_v6.png\",\"width\":455,\"height\":100,\"caption\":\"enmodes GmbH\"},\"image\":{\"@id\":\"https:\\\/\\\/www.enmodes.de\\\/#\\\/schema\\\/logo\\\/image\\\/\"},\"sameAs\":[\"https:\\\/\\\/www.linkedin.com\\\/company\\\/enmodes\\\/\",\"https:\\\/\\\/goo.gl\\\/maps\\\/vWFFmQLyCwTiQaPe8\"]}]}<\/script>\n<!-- \/ Yoast SEO plugin. -->","yoast_head_json":{"title":"Privacy Policy - enmodes GmbH","robots":{"index":"index","follow":"follow","max-snippet":"max-snippet:-1","max-image-preview":"max-image-preview:large","max-video-preview":"max-video-preview:-1"},"canonical":"https:\/\/www.enmodes.de\/de\/privacy-policy\/","og_locale":"de_DE","og_type":"article","og_title":"Privacy Policy - enmodes GmbH","og_description":"The responsible party within the meaning of data protection laws, in particular the EU General Data Protection Regulation (DSGVO), is: enmodes GmbHRepresentative: Dr. Tim Kaufmann, CEOTempelhofer Str. 1652068 Aachen\/Germany Email: info@enmodes.dePhone: +49(0)-241-412-510-71 Your data subject rights You can exercise the following rights at any time using the contact details provided [&hellip;]","og_url":"https:\/\/www.enmodes.de\/de\/privacy-policy\/","og_site_name":"enmodes GmbH","article_modified_time":"2026-01-07T10:34:21+00:00","twitter_card":"summary_large_image","twitter_misc":{"Gesch\u00e4tzte Lesezeit":"7\u00a0Minuten"},"schema":{"@context":"https:\/\/schema.org","@graph":[{"@type":"WebPage","@id":"https:\/\/www.enmodes.de\/privacy-policy\/","url":"https:\/\/www.enmodes.de\/privacy-policy\/","name":"Privacy Policy - enmodes GmbH","isPartOf":{"@id":"https:\/\/www.enmodes.de\/#website"},"datePublished":"2022-04-06T11:06:23+00:00","dateModified":"2026-01-07T10:34:21+00:00","breadcrumb":{"@id":"https:\/\/www.enmodes.de\/privacy-policy\/#breadcrumb"},"inLanguage":"de","potentialAction":[{"@type":"ReadAction","target":["https:\/\/www.enmodes.de\/privacy-policy\/"]}]},{"@type":"BreadcrumbList","@id":"https:\/\/www.enmodes.de\/privacy-policy\/#breadcrumb","itemListElement":[{"@type":"ListItem","position":1,"name":"Home","item":"https:\/\/www.enmodes.de\/"},{"@type":"ListItem","position":2,"name":"Privacy Policy"}]},{"@type":"WebSite","@id":"https:\/\/www.enmodes.de\/#website","url":"https:\/\/www.enmodes.de\/","name":"enmodes GmbH","description":"engineering, modeling, design","publisher":{"@id":"https:\/\/www.enmodes.de\/#organization"},"potentialAction":[{"@type":"SearchAction","target":{"@type":"EntryPoint","urlTemplate":"https:\/\/www.enmodes.de\/?s={search_term_string}"},"query-input":{"@type":"PropertyValueSpecification","valueRequired":true,"valueName":"search_term_string"}}],"inLanguage":"de"},{"@type":"Organization","@id":"https:\/\/www.enmodes.de\/#organization","name":"enmodes GmbH","url":"https:\/\/www.enmodes.de\/","logo":{"@type":"ImageObject","inLanguage":"de","@id":"https:\/\/www.enmodes.de\/#\/schema\/logo\/image\/","url":"https:\/\/www.enmodes.de\/wp-content\/uploads\/2022\/04\/cropped-logo_v6.png","contentUrl":"https:\/\/www.enmodes.de\/wp-content\/uploads\/2022\/04\/cropped-logo_v6.png","width":455,"height":100,"caption":"enmodes GmbH"},"image":{"@id":"https:\/\/www.enmodes.de\/#\/schema\/logo\/image\/"},"sameAs":["https:\/\/www.linkedin.com\/company\/enmodes\/","https:\/\/goo.gl\/maps\/vWFFmQLyCwTiQaPe8"]}]}},"_links":{"self":[{"href":"https:\/\/www.enmodes.de\/de\/wp-json\/wp\/v2\/pages\/4369","targetHints":{"allow":["GET"]}}],"collection":[{"href":"https:\/\/www.enmodes.de\/de\/wp-json\/wp\/v2\/pages"}],"about":[{"href":"https:\/\/www.enmodes.de\/de\/wp-json\/wp\/v2\/types\/page"}],"author":[{"embeddable":true,"href":"https:\/\/www.enmodes.de\/de\/wp-json\/wp\/v2\/users\/1"}],"replies":[{"embeddable":true,"href":"https:\/\/www.enmodes.de\/de\/wp-json\/wp\/v2\/comments?post=4369"}],"version-history":[{"count":6,"href":"https:\/\/www.enmodes.de\/de\/wp-json\/wp\/v2\/pages\/4369\/revisions"}],"predecessor-version":[{"id":4563,"href":"https:\/\/www.enmodes.de\/de\/wp-json\/wp\/v2\/pages\/4369\/revisions\/4563"}],"wp:attachment":[{"href":"https:\/\/www.enmodes.de\/de\/wp-json\/wp\/v2\/media?parent=4369"}],"curies":[{"name":"wp","href":"https:\/\/api.w.org\/{rel}","templated":true}]}}