{"id":4396,"date":"2022-04-06T15:12:42","date_gmt":"2022-04-06T13:12:42","guid":{"rendered":"https:\/\/wp.enmodes.de\/?page_id=4396"},"modified":"2022-09-02T15:42:04","modified_gmt":"2022-09-02T13:42:04","slug":"products-and-development","status":"publish","type":"page","link":"https:\/\/www.enmodes.de\/de\/products-and-development\/","title":{"rendered":"Produkte und Entwicklung"},"content":{"rendered":"<ul class=\"wp-block-list\"><li><em>Wir entwickeln und optimieren hochmoderne Herz-Lungen-Unterst\u00fctzungsger\u00e4te, um die Lebensqualit\u00e4t unserer Patienten zu verbessern und \u00c4rzten die Anwendung und Therapieoptionen zu erleichtern.<\/em><\/li><li><em>Wir erweitern die Grenzen des Standes der Forschung, um Wirksamkeit, Effizienz und Herstellung von medizinischen Ger\u00e4ten ganzheitlich zu verbessern.<\/em><\/li><li><em>Wir setzen Innovationen schnell um und \u00fcberf\u00fchren sie in die Serienproduktion bei unserem internationalen Partner <a rel=\"noreferrer noopener\" href=\"https:\/\/www.lungshield-medical.com\/\" target=\"_blank\">Lungshield Medical<\/a> <\/em><\/li><\/ul>","protected":false},"excerpt":{"rendered":"<p>We develop and optimize state-of-the-art cardio-pulmonary assist devices that improve patient well-being and increase usability and therapy options for clinicians We push the boundaries of cardio-pulmonary research to advance efficacy, efficiency and manufacturing comprehensively We quickly realize innovations and transfer them to serial production with our international partner Lungshield Medical<\/p>","protected":false},"author":1,"featured_media":0,"parent":0,"menu_order":0,"comment_status":"closed","ping_status":"closed","template":"page-templates\/template-fullwidth.php","meta":{"footnotes":""},"class_list":["post-4396","page","type-page","status-publish","hentry"],"yoast_head":"<!-- This site is optimized with the Yoast SEO plugin v27.4 - https:\/\/yoast.com\/product\/yoast-seo-wordpress\/ -->\n<title>Products and Development - enmodes GmbH<\/title>\n<meta name=\"robots\" content=\"index, follow, max-snippet:-1, max-image-preview:large, max-video-preview:-1\" \/>\n<link rel=\"canonical\" href=\"https:\/\/www.enmodes.de\/de\/products-and-development\/\" \/>\n<meta property=\"og:locale\" content=\"de_DE\" \/>\n<meta property=\"og:type\" content=\"article\" \/>\n<meta property=\"og:title\" content=\"Products and Development - enmodes GmbH\" \/>\n<meta property=\"og:description\" content=\"We develop and optimize state-of-the-art cardio-pulmonary assist devices that improve patient well-being and increase usability and therapy options for clinicians We push the boundaries of cardio-pulmonary research to advance efficacy, efficiency and manufacturing comprehensively We quickly realize innovations and transfer them to serial production with our international partner Lungshield Medical\" \/>\n<meta property=\"og:url\" content=\"https:\/\/www.enmodes.de\/de\/products-and-development\/\" \/>\n<meta property=\"og:site_name\" content=\"enmodes GmbH\" \/>\n<meta property=\"article:modified_time\" content=\"2022-09-02T13:42:04+00:00\" \/>\n<meta name=\"twitter:card\" content=\"summary_large_image\" \/>\n<script type=\"application\/ld+json\" class=\"yoast-schema-graph\">{\"@context\":\"https:\\\/\\\/schema.org\",\"@graph\":[{\"@type\":\"WebPage\",\"@id\":\"https:\\\/\\\/www.enmodes.de\\\/products-and-development\\\/\",\"url\":\"https:\\\/\\\/www.enmodes.de\\\/products-and-development\\\/\",\"name\":\"Products and Development - enmodes GmbH\",\"isPartOf\":{\"@id\":\"https:\\\/\\\/www.enmodes.de\\\/#website\"},\"datePublished\":\"2022-04-06T13:12:42+00:00\",\"dateModified\":\"2022-09-02T13:42:04+00:00\",\"breadcrumb\":{\"@id\":\"https:\\\/\\\/www.enmodes.de\\\/products-and-development\\\/#breadcrumb\"},\"inLanguage\":\"de\",\"potentialAction\":[{\"@type\":\"ReadAction\",\"target\":[\"https:\\\/\\\/www.enmodes.de\\\/products-and-development\\\/\"]}]},{\"@type\":\"BreadcrumbList\",\"@id\":\"https:\\\/\\\/www.enmodes.de\\\/products-and-development\\\/#breadcrumb\",\"itemListElement\":[{\"@type\":\"ListItem\",\"position\":1,\"name\":\"Home\",\"item\":\"https:\\\/\\\/www.enmodes.de\\\/\"},{\"@type\":\"ListItem\",\"position\":2,\"name\":\"Products and Development\"}]},{\"@type\":\"WebSite\",\"@id\":\"https:\\\/\\\/www.enmodes.de\\\/#website\",\"url\":\"https:\\\/\\\/www.enmodes.de\\\/\",\"name\":\"enmodes GmbH\",\"description\":\"engineering, modeling, design\",\"publisher\":{\"@id\":\"https:\\\/\\\/www.enmodes.de\\\/#organization\"},\"potentialAction\":[{\"@type\":\"SearchAction\",\"target\":{\"@type\":\"EntryPoint\",\"urlTemplate\":\"https:\\\/\\\/www.enmodes.de\\\/?s={search_term_string}\"},\"query-input\":{\"@type\":\"PropertyValueSpecification\",\"valueRequired\":true,\"valueName\":\"search_term_string\"}}],\"inLanguage\":\"de\"},{\"@type\":\"Organization\",\"@id\":\"https:\\\/\\\/www.enmodes.de\\\/#organization\",\"name\":\"enmodes GmbH\",\"url\":\"https:\\\/\\\/www.enmodes.de\\\/\",\"logo\":{\"@type\":\"ImageObject\",\"inLanguage\":\"de\",\"@id\":\"https:\\\/\\\/www.enmodes.de\\\/#\\\/schema\\\/logo\\\/image\\\/\",\"url\":\"https:\\\/\\\/www.enmodes.de\\\/wp-content\\\/uploads\\\/2022\\\/04\\\/cropped-logo_v6.png\",\"contentUrl\":\"https:\\\/\\\/www.enmodes.de\\\/wp-content\\\/uploads\\\/2022\\\/04\\\/cropped-logo_v6.png\",\"width\":455,\"height\":100,\"caption\":\"enmodes GmbH\"},\"image\":{\"@id\":\"https:\\\/\\\/www.enmodes.de\\\/#\\\/schema\\\/logo\\\/image\\\/\"},\"sameAs\":[\"https:\\\/\\\/www.linkedin.com\\\/company\\\/enmodes\\\/\",\"https:\\\/\\\/goo.gl\\\/maps\\\/vWFFmQLyCwTiQaPe8\"]}]}<\/script>\n<!-- \/ Yoast SEO plugin. -->","yoast_head_json":{"title":"Products and Development - enmodes GmbH","robots":{"index":"index","follow":"follow","max-snippet":"max-snippet:-1","max-image-preview":"max-image-preview:large","max-video-preview":"max-video-preview:-1"},"canonical":"https:\/\/www.enmodes.de\/de\/products-and-development\/","og_locale":"de_DE","og_type":"article","og_title":"Products and Development - enmodes GmbH","og_description":"We develop and optimize state-of-the-art cardio-pulmonary assist devices that improve patient well-being and increase usability and therapy options for clinicians We push the boundaries of cardio-pulmonary research to advance efficacy, efficiency and manufacturing comprehensively We quickly realize innovations and transfer them to serial production with our international partner Lungshield Medical","og_url":"https:\/\/www.enmodes.de\/de\/products-and-development\/","og_site_name":"enmodes GmbH","article_modified_time":"2022-09-02T13:42:04+00:00","twitter_card":"summary_large_image","schema":{"@context":"https:\/\/schema.org","@graph":[{"@type":"WebPage","@id":"https:\/\/www.enmodes.de\/products-and-development\/","url":"https:\/\/www.enmodes.de\/products-and-development\/","name":"Products and Development - enmodes GmbH","isPartOf":{"@id":"https:\/\/www.enmodes.de\/#website"},"datePublished":"2022-04-06T13:12:42+00:00","dateModified":"2022-09-02T13:42:04+00:00","breadcrumb":{"@id":"https:\/\/www.enmodes.de\/products-and-development\/#breadcrumb"},"inLanguage":"de","potentialAction":[{"@type":"ReadAction","target":["https:\/\/www.enmodes.de\/products-and-development\/"]}]},{"@type":"BreadcrumbList","@id":"https:\/\/www.enmodes.de\/products-and-development\/#breadcrumb","itemListElement":[{"@type":"ListItem","position":1,"name":"Home","item":"https:\/\/www.enmodes.de\/"},{"@type":"ListItem","position":2,"name":"Products and Development"}]},{"@type":"WebSite","@id":"https:\/\/www.enmodes.de\/#website","url":"https:\/\/www.enmodes.de\/","name":"enmodes GmbH","description":"engineering, modeling, design","publisher":{"@id":"https:\/\/www.enmodes.de\/#organization"},"potentialAction":[{"@type":"SearchAction","target":{"@type":"EntryPoint","urlTemplate":"https:\/\/www.enmodes.de\/?s={search_term_string}"},"query-input":{"@type":"PropertyValueSpecification","valueRequired":true,"valueName":"search_term_string"}}],"inLanguage":"de"},{"@type":"Organization","@id":"https:\/\/www.enmodes.de\/#organization","name":"enmodes GmbH","url":"https:\/\/www.enmodes.de\/","logo":{"@type":"ImageObject","inLanguage":"de","@id":"https:\/\/www.enmodes.de\/#\/schema\/logo\/image\/","url":"https:\/\/www.enmodes.de\/wp-content\/uploads\/2022\/04\/cropped-logo_v6.png","contentUrl":"https:\/\/www.enmodes.de\/wp-content\/uploads\/2022\/04\/cropped-logo_v6.png","width":455,"height":100,"caption":"enmodes GmbH"},"image":{"@id":"https:\/\/www.enmodes.de\/#\/schema\/logo\/image\/"},"sameAs":["https:\/\/www.linkedin.com\/company\/enmodes\/","https:\/\/goo.gl\/maps\/vWFFmQLyCwTiQaPe8"]}]}},"_links":{"self":[{"href":"https:\/\/www.enmodes.de\/de\/wp-json\/wp\/v2\/pages\/4396","targetHints":{"allow":["GET"]}}],"collection":[{"href":"https:\/\/www.enmodes.de\/de\/wp-json\/wp\/v2\/pages"}],"about":[{"href":"https:\/\/www.enmodes.de\/de\/wp-json\/wp\/v2\/types\/page"}],"author":[{"embeddable":true,"href":"https:\/\/www.enmodes.de\/de\/wp-json\/wp\/v2\/users\/1"}],"replies":[{"embeddable":true,"href":"https:\/\/www.enmodes.de\/de\/wp-json\/wp\/v2\/comments?post=4396"}],"version-history":[{"count":5,"href":"https:\/\/www.enmodes.de\/de\/wp-json\/wp\/v2\/pages\/4396\/revisions"}],"predecessor-version":[{"id":4456,"href":"https:\/\/www.enmodes.de\/de\/wp-json\/wp\/v2\/pages\/4396\/revisions\/4456"}],"wp:attachment":[{"href":"https:\/\/www.enmodes.de\/de\/wp-json\/wp\/v2\/media?parent=4396"}],"curies":[{"name":"wp","href":"https:\/\/api.w.org\/{rel}","templated":true}]}}